{"id":60,"date":"2025-07-16T00:43:38","date_gmt":"2025-07-15T23:43:38","guid":{"rendered":"https:\/\/bfriendsforever.com\/?page_id=60"},"modified":"2025-07-16T08:37:07","modified_gmt":"2025-07-16T07:37:07","slug":"sample-page-2","status":"publish","type":"page","link":"https:\/\/bfriendsforever.com\/?page_id=60&lang=pt","title":{"rendered":"Sobre N\u00f3s"},"content":{"rendered":"\t\t<div data-elementor-type=\"wp-page\" data-elementor-id=\"60\" class=\"elementor elementor-60\">\n\t\t\t\t<div class=\"elementor-element elementor-element-6ab7278 e-grid e-con-boxed e-con e-parent\" data-id=\"6ab7278\" data-element_type=\"container\" data-settings=\"{&quot;background_background&quot;:&quot;slideshow&quot;,&quot;background_slideshow_slide_transition&quot;:&quot;slide_up&quot;,&quot;background_slideshow_gallery&quot;:[],&quot;background_slideshow_slide_duration&quot;:5000,&quot;background_slideshow_transition_duration&quot;:500}\">\n\t\t\t\t\t<div class=\"e-con-inner\">\n\t\t\t\t<div class=\"elementor-element elementor-element-0db7b58 elementor-widget elementor-widget-text-editor\" data-id=\"0db7b58\" data-element_type=\"widget\" data-widget_type=\"text-editor.default\">\n\t\t\t\t\t\t\t\t\t<p>Somos uma empresa dedicada ao <strong>aluguer de bicicletas e material de campismo<\/strong>, com o objetivo de proporcionar experi\u00eancias inesquec\u00edveis a quem deseja explorar a natureza de forma sustent\u00e1vel, pr\u00e1tica e acess\u00edvel.<\/p>\n<p>Acreditamos que a melhor forma de conhecer um lugar \u00e9 sobre duas rodas ou com os p\u00e9s bem assentes na terra. Por isso, oferecemos uma vasta gama de <strong>bicicletas<\/strong> \u2014 desde modelos urbanos e el\u00e9tricos at\u00e9 bicicletas de montanha \u2014 adaptadas a diferentes perfis, idades e n\u00edveis de experi\u00eancia. Seja para um passeio descontra\u00eddo pela cidade ou uma aventura em trilhos naturais, temos a op\u00e7\u00e3o ideal para si.<br \/><br \/>Al\u00e9m disso, disponibilizamos <strong>equipamento de campismo de alta qualidade<\/strong>, incluindo tendas, sacos-cama, mochilas, fog\u00f5es port\u00e1teis e acess\u00f3rios, para que possa acampar com conforto e seguran\u00e7a. O nosso material \u00e9 regularmente verificado e mantido em excelente estado, garantindo fiabilidade em qualquer situa\u00e7\u00e3o.<\/p>\n<p>Valorizamos o contacto com a natureza, o turismo consciente e a mobilidade suave. Trabalhamos com um atendimento personalizado e flex\u00edvel, adaptando os nossos servi\u00e7os \u00e0s necessidades de cada cliente \u2014 desde turistas ocasionais at\u00e9 aventureiros mais experientes.<\/p>\n<p>Seja para um fim de semana de aventura ou para umas f\u00e9rias completas ao ar livre, estamos aqui para o ajudar a planear cada detalhe. O nosso compromisso \u00e9 tornar a sua experi\u00eancia memor\u00e1vel, simples e ecol\u00f3gica.<\/p>\n<h4>Connosco,<strong> a aventura come\u00e7a onde termina a estrada.<\/strong><\/h4>\n<br><br><br>\n<h4><strong>Explora. Partilha. Vive.<\/strong><br \/><strong>\u2014 B Friends Forever<\/strong><\/h4>\t\t\t\t\t\t\t\t<\/div>\n\t\t\t\t\t<\/div>\n\t\t\t\t<\/div>\n\t\t\t\t<\/div>\n\t\t","protected":false},"excerpt":{"rendered":"<p>Somos uma empresa dedicada ao aluguer de bicicletas e material de campismo, com o objetivo de proporcionar experi\u00eancias inesquec\u00edveis a quem deseja explorar a natureza de forma sustent\u00e1vel, pr\u00e1tica e acess\u00edvel. Acreditamos que a melhor forma de conhecer um lugar \u00e9 sobre duas rodas ou com os p\u00e9s bem assentes na terra. Por isso, oferecemos uma vasta gama de bicicletas \u2014 desde modelos urbanos e el\u00e9tricos at\u00e9 bicicletas de montanha \u2014 adaptadas a diferentes perfis, idades e n\u00edveis de experi\u00eancia. Seja para um passeio descontra\u00eddo pela cidade ou uma aventura em trilhos naturais, temos a op\u00e7\u00e3o ideal para si. Al\u00e9m disso, disponibilizamos equipamento de campismo de alta qualidade, incluindo tendas, sacos-cama, mochilas, fog\u00f5es port\u00e1teis e acess\u00f3rios, para que possa acampar com conforto e seguran\u00e7a. O nosso material \u00e9 regularmente verificado e mantido em excelente estado, garantindo fiabilidade em qualquer situa\u00e7\u00e3o. Valorizamos o contacto com a natureza, o turismo consciente e&hellip;<\/p>\n<p> <a class=\"more-link\" href=\"https:\/\/bfriendsforever.com\/?page_id=60&#038;lang=pt\">Read more<\/a><\/p>\n","protected":false},"author":1,"featured_media":0,"parent":0,"menu_order":0,"comment_status":"closed","ping_status":"open","template":"","meta":{"footnotes":""},"class_list":["post-60","page","type-page","status-publish"],"_links":{"self":[{"href":"https:\/\/bfriendsforever.com\/index.php?rest_route=\/wp\/v2\/pages\/60","targetHints":{"allow":["GET"]}}],"collection":[{"href":"https:\/\/bfriendsforever.com\/index.php?rest_route=\/wp\/v2\/pages"}],"about":[{"href":"https:\/\/bfriendsforever.com\/index.php?rest_route=\/wp\/v2\/types\/page"}],"author":[{"embeddable":true,"href":"https:\/\/bfriendsforever.com\/index.php?rest_route=\/wp\/v2\/users\/1"}],"replies":[{"embeddable":true,"href":"https:\/\/bfriendsforever.com\/index.php?rest_route=%2Fwp%2Fv2%2Fcomments&post=60"}],"version-history":[{"count":56,"href":"https:\/\/bfriendsforever.com\/index.php?rest_route=\/wp\/v2\/pages\/60\/revisions"}],"predecessor-version":[{"id":310,"href":"https:\/\/bfriendsforever.com\/index.php?rest_route=\/wp\/v2\/pages\/60\/revisions\/310"}],"wp:attachment":[{"href":"https:\/\/bfriendsforever.com\/index.php?rest_route=%2Fwp%2Fv2%2Fmedia&parent=60"}],"curies":[{"name":"wp","href":"https:\/\/api.w.org\/{rel}","templated":true}]}}