{"id":278,"date":"2025-07-16T07:32:30","date_gmt":"2025-07-16T06:32:30","guid":{"rendered":"https:\/\/bfriendsforever.com\/?page_id=278"},"modified":"2025-07-16T08:28:41","modified_gmt":"2025-07-16T07:28:41","slug":"contacta-nos","status":"publish","type":"page","link":"https:\/\/bfriendsforever.com\/?page_id=278&lang=pt","title":{"rendered":"Contacta-nos"},"content":{"rendered":"\t\t<div data-elementor-type=\"wp-page\" data-elementor-id=\"278\" class=\"elementor elementor-278\">\n\t\t\t\t<div class=\"elementor-element elementor-element-6ab7278 e-grid e-con-boxed e-con e-parent\" data-id=\"6ab7278\" data-element_type=\"container\" data-settings=\"{&quot;background_background&quot;:&quot;slideshow&quot;,&quot;background_slideshow_slide_transition&quot;:&quot;slide_up&quot;,&quot;background_slideshow_gallery&quot;:[],&quot;background_slideshow_slide_duration&quot;:5000,&quot;background_slideshow_transition_duration&quot;:500}\">\n\t\t\t\t\t<div class=\"e-con-inner\">\n\t\t\t\t<div class=\"elementor-element elementor-element-0db7b58 elementor-widget elementor-widget-text-editor\" data-id=\"0db7b58\" data-element_type=\"widget\" data-widget_type=\"text-editor.default\">\n\t\t\t\t\t\t\t\t\tA tua opini\u00e3o e participa\u00e7\u00e3o s\u00e3o muito importantes para n\u00f3s!\u2028Para facilitar a comunica\u00e7\u00e3o, escolhe abaixo o tipo de contacto que pretendes realizar:<br>\n<strong>Clica no link correspondente \u00e0 tua inten\u00e7\u00e3o:<\/strong>\n<ul>\n \t<li style=\"list-style-type: none;\">\n<ul>\ud83d\udccc&nbsp;&nbsp;&nbsp;&nbsp;\n<strong><u><span title=\"All equipment is currently reserved. We suggest you contact us on-site the same day to confirm if there have been any cancellations.\">Pedido de Aluguer de Equipamento<\/span><\/u><\/strong>\n<ul>\n \t \t<ul><strong>De momento, todos os equipamentos est\u00e3o reservados. Sugerimos que nos contactes no pr\u00f3prio dia, no local, para confirmares se houve alguma desist\u00eancia.<\/strong><\/ul>\n<ul>Se pretendes alugar bicicletas ou material de campismo, usa este formul\u00e1rio para indicar o que pretendes, incluindo quantidades, refer\u00eancias dos artigos e dia e hora que pretendes levantar o equipamento.<\/ul>\n<\/ul>\n<\/li><\/ul><\/ul>\n<ul>\n \t<li style=\"list-style-type: none;\">\n<ul>\ud83d\udce9&nbsp;&nbsp;&nbsp;&nbsp;\n<strong><u>Contacto Geral<\/u><\/strong>\n<ul><ul>\nTens d\u00favidas, sugest\u00f5es ou queres saber mais sobre a <strong>B Friends Forever<\/strong>\n?\n<br>\nEste \u00e9 o canal certo!\n<\/ul><\/ul>\n<\/li>\n<\/ul><\/ul>\n\n<ul><ul>\n \t\n\ud83d\udee0\ufe0f&nbsp;&nbsp;&nbsp;&nbsp;<strong><u>Melhorias ou Reclama\u00e7\u00f5es<\/u><\/strong>\n<ul>\n \t\n<ul>Queremos melhorar continuamente. Partilha connosco sugest\u00f5es ou qualquer situa\u00e7\u00e3o menos positiva.\n<\/ul><\/ul>\n\n<\/ul><\/ul>\n&nbsp;\n<br>\n<p>\nTodos os contactos s\u00e3o tratados com confidencialidade. Responderemos com a maior brevidade poss\u00edvel.\n<br>\nObrigado por fazeres parte da nossa comunidade sobre rodas <img decoding=\"async\" class=\"emoji\" role=\"img\" draggable=\"false\" src=\"https:\/\/s.w.org\/images\/core\/emoji\/16.0.1\/svg\/1f6b4-200d-2640-fe0f.svg\" alt=\"\ud83d\udeb4\u200d\u2640\ufe0f\" \/><img decoding=\"async\" class=\"emoji\" role=\"img\" draggable=\"false\" src=\"https:\/\/s.w.org\/images\/core\/emoji\/16.0.1\/svg\/1f332.svg\" alt=\"\ud83c\udf32\" \/>\n<\/p>\n<br><br>\n<p>\n<strong>Explora. Partilha. Vive.<\/strong>\n<br>\n<strong>\u2014 B Friends Forever<\/strong><\/p>\t\t\t\t\t\t\t\t<\/div>\n\t\t\t\t\t<\/div>\n\t\t\t\t<\/div>\n\t\t\t\t<\/div>\n\t\t","protected":false},"excerpt":{"rendered":"<p>A tua opini\u00e3o e participa\u00e7\u00e3o s\u00e3o muito importantes para n\u00f3s!\u2028Para facilitar a comunica\u00e7\u00e3o, escolhe abaixo o tipo de contacto que pretendes realizar: Clica no link correspondente \u00e0 tua inten\u00e7\u00e3o: \ud83d\udccc&nbsp;&nbsp;&nbsp;&nbsp; Pedido de Aluguer de Equipamento De momento, todos os equipamentos est\u00e3o reservados. Sugerimos que nos contactes no pr\u00f3prio dia, no local, para confirmares se houve alguma desist\u00eancia. Se pretendes alugar bicicletas ou material de campismo, usa este formul\u00e1rio para indicar o que pretendes, incluindo quantidades, refer\u00eancias dos artigos e dia e hora que pretendes levantar o equipamento. \ud83d\udce9&nbsp;&nbsp;&nbsp;&nbsp; Contacto Geral Tens d\u00favidas, sugest\u00f5es ou queres saber mais sobre a B Friends Forever ? Este \u00e9 o canal certo! \ud83d\udee0\ufe0f&nbsp;&nbsp;&nbsp;&nbsp;Melhorias ou Reclama\u00e7\u00f5es Queremos melhorar continuamente. Partilha connosco sugest\u00f5es ou qualquer situa\u00e7\u00e3o menos positiva. &nbsp; Todos os contactos s\u00e3o tratados com confidencialidade. Responderemos com a maior brevidade poss\u00edvel. Obrigado por fazeres parte da nossa comunidade sobre rodas Explora. Partilha. Vive. \u2014 B&hellip;<\/p>\n<p> <a class=\"more-link\" href=\"https:\/\/bfriendsforever.com\/?page_id=278&#038;lang=pt\">Read more<\/a><\/p>\n","protected":false},"author":1,"featured_media":0,"parent":0,"menu_order":0,"comment_status":"closed","ping_status":"open","template":"","meta":{"footnotes":""},"class_list":["post-278","page","type-page","status-publish"],"_links":{"self":[{"href":"https:\/\/bfriendsforever.com\/index.php?rest_route=\/wp\/v2\/pages\/278","targetHints":{"allow":["GET"]}}],"collection":[{"href":"https:\/\/bfriendsforever.com\/index.php?rest_route=\/wp\/v2\/pages"}],"about":[{"href":"https:\/\/bfriendsforever.com\/index.php?rest_route=\/wp\/v2\/types\/page"}],"author":[{"embeddable":true,"href":"https:\/\/bfriendsforever.com\/index.php?rest_route=\/wp\/v2\/users\/1"}],"replies":[{"embeddable":true,"href":"https:\/\/bfriendsforever.com\/index.php?rest_route=%2Fwp%2Fv2%2Fcomments&post=278"}],"version-history":[{"count":15,"href":"https:\/\/bfriendsforever.com\/index.php?rest_route=\/wp\/v2\/pages\/278\/revisions"}],"predecessor-version":[{"id":306,"href":"https:\/\/bfriendsforever.com\/index.php?rest_route=\/wp\/v2\/pages\/278\/revisions\/306"}],"wp:attachment":[{"href":"https:\/\/bfriendsforever.com\/index.php?rest_route=%2Fwp%2Fv2%2Fmedia&parent=278"}],"curies":[{"name":"wp","href":"https:\/\/api.w.org\/{rel}","templated":true}]}}